{"id":4954,"date":"2020-05-04T13:59:19","date_gmt":"2020-05-04T11:59:19","guid":{"rendered":"https:\/\/www.miralagohotel.com\/safe-holidays"},"modified":"2026-03-24T12:42:46","modified_gmt":"2026-03-24T11:42:46","slug":"sichere-urlaub","status":"publish","type":"page","link":"https:\/\/www.miralagohotel.com\/de\/sichere-urlaub","title":{"rendered":"Bedingungen"},"content":{"rendered":"<h3 style=\"text-align: left;\">Sonderbedingungen fuer<\/h3>\n<p style=\"text-align: left;\"><strong>Stornierungsbedingungen<br \/>\n<\/strong>Reservierungen m\u00fcssen durch eine nicht r\u00fcckzahlbare Anzahlung best\u00e4tigt werden; bei der Buchung werden Ihnen die Bankdaten mitgeteilt.<\/p>\n<p style=\"text-align: left;\">Wir weisen auf eine weitere Schutzoption f\u00fcr Ihre Reise hin: eine private Versicherung, die Sie bis zu 48 Stunden nach Best\u00e4tigung abschlie\u00dfen k\u00f6nnen, indem Sie auf den Link <a href=\"https:\/\/www.care4uhotel.com\/de\/polizza\/care4uhotel\" target=\"_blank\" rel=\"noopener\">Care4UHotel<\/a>.<\/p>\n","protected":false},"excerpt":{"rendered":"<p>Sonderbedingungen fuer Stornierungsbedingungen Reservierungen m\u00fcssen durch eine nicht r\u00fcckzahlbare Anzahlung best\u00e4tigt werden; bei der Buchung werden Ihnen die Bankdaten mitgeteilt. Wir weisen auf eine weitere Schutzoption f\u00fcr Ihre Reise hin: eine private Versicherung, die Sie bis zu 48 Stunden nach Best\u00e4tigung abschlie\u00dfen k\u00f6nnen, indem Sie auf den Link Care4UHotel.<\/p>\n","protected":false},"author":1,"featured_media":0,"parent":0,"menu_order":0,"comment_status":"closed","ping_status":"closed","template":"","meta":{"footnotes":""},"class_list":["post-4954","page","type-page","status-publish","hentry","odd"],"_links":{"self":[{"href":"https:\/\/www.miralagohotel.com\/de\/wp-json\/wp\/v2\/pages\/4954","targetHints":{"allow":["GET"]}}],"collection":[{"href":"https:\/\/www.miralagohotel.com\/de\/wp-json\/wp\/v2\/pages"}],"about":[{"href":"https:\/\/www.miralagohotel.com\/de\/wp-json\/wp\/v2\/types\/page"}],"author":[{"embeddable":true,"href":"https:\/\/www.miralagohotel.com\/de\/wp-json\/wp\/v2\/users\/1"}],"replies":[{"embeddable":true,"href":"https:\/\/www.miralagohotel.com\/de\/wp-json\/wp\/v2\/comments?post=4954"}],"version-history":[{"count":18,"href":"https:\/\/www.miralagohotel.com\/de\/wp-json\/wp\/v2\/pages\/4954\/revisions"}],"predecessor-version":[{"id":23791,"href":"https:\/\/www.miralagohotel.com\/de\/wp-json\/wp\/v2\/pages\/4954\/revisions\/23791"}],"wp:attachment":[{"href":"https:\/\/www.miralagohotel.com\/de\/wp-json\/wp\/v2\/media?parent=4954"}],"curies":[{"name":"wp","href":"https:\/\/api.w.org\/{rel}","templated":true}]}}