{"id":1426,"date":"2018-07-16T18:11:24","date_gmt":"2018-07-16T16:11:24","guid":{"rendered":"http:\/\/www.miralagohotel.com\/_new\/contatti"},"modified":"2024-10-31T10:26:01","modified_gmt":"2024-10-31T09:26:01","slug":"kontakte","status":"publish","type":"page","link":"https:\/\/www.miralagohotel.com\/de\/kontakte","title":{"rendered":"Kontakte"},"content":{"rendered":"<p><iframe src=\"https:\/\/www.google.com\/maps\/embed?pb=!1m18!1m12!1m3!1d3197.5771695032167!2d10.964210350235282!3d46.142291412729996!2m3!1f0!2f0!3f0!3m2!1i1024!2i768!4f13.1!3m3!1m2!1s0x47826f563ac635c3%3A0xf8f169102ca79d91!2sHotel%20Miralago!5e0!3m2!1sit!2sit!4v1730366637561!5m2!1sit!2sit\" width=\"100%\" height=\"450\" style=\"border:0;\" allowfullscreen=\"\" loading=\"lazy\" referrerpolicy=\"no-referrer-when-downgrade\"><\/iframe><\/p>\n<p><strong>Hotel Miralago<br \/>\n<\/strong>Piazza Scuole, 3\u00a0&#8211;\u00a038018\u00a0Molveno\u00a0Tn<br \/>\nTel.\u00a00461.586935\u00a0&#8211; Fax 0461.586268<br \/>\n<a href=\"mailto:info@miralagohotel.com\">info@miralagohotel.com<\/a><\/p>\n<p>&nbsp;<\/p>\n<p><strong>So erreichen Sie uns<br \/>\n<\/strong>Das Hotel Miralago liegt im Zentrum von <strong>Molveno<\/strong>, nur unweit vom Dorfplatz. Ein privater Garten, ein W\u00e4ldchen und eine gro\u00dfe Gr\u00fcnanlage (6.000 m\u00b2) bieten einen herrlichen <strong>Blick auf den See<\/strong>. Hier beginnt Ihr <strong>Urlaub im Trentino<\/strong>!<\/p>\n<p><strong>Ob Sie von S\u00fcden oder von Norden kommen, Molveno ist einfach zu erreichen:<\/strong><\/p>\n<p><strong>Mit dem Auto<\/strong><br \/>\nAutobahnausfahrt &#8220;Trento Nord&#8221; auf der A22, von dort noch circa 20 km bis nach Molveno.<\/p>\n<p><strong>Mit dem Zug<br \/>\n<\/strong>Der n\u00e4chste Bahnhof befindet sich in Mezzocorona (20 km): Von dort regelm\u00e4\u00dfige Busverbindung nach Molveno.<\/p>\n<p><strong>Mit dem Flugzeug<br \/>\n<\/strong>Der n\u00e4chste Flughafen ist Verona-Villafranca (100 km). Regelm\u00e4\u00dfiger Bustransfer nach Trient.<\/p>\n","protected":false},"excerpt":{"rendered":"<p>Hotel Miralago Piazza Scuole, 3\u00a0&#8211;\u00a038018\u00a0Molveno\u00a0Tn Tel.\u00a00461.586935\u00a0&#8211; Fax 0461.586268 info@miralagohotel.com &nbsp; So erreichen Sie uns Das Hotel Miralago liegt im Zentrum von Molveno, nur unweit vom Dorfplatz. Ein privater Garten, ein W\u00e4ldchen und eine gro\u00dfe Gr\u00fcnanlage (6.000 m\u00b2) bieten einen herrlichen Blick auf den See. Hier beginnt Ihr Urlaub im Trentino! Ob Sie von S\u00fcden oder [&hellip;]<\/p>\n","protected":false},"author":1,"featured_media":0,"parent":0,"menu_order":0,"comment_status":"closed","ping_status":"closed","template":"","meta":{"footnotes":""},"class_list":["post-1426","page","type-page","status-publish","hentry","odd"],"_links":{"self":[{"href":"https:\/\/www.miralagohotel.com\/de\/wp-json\/wp\/v2\/pages\/1426","targetHints":{"allow":["GET"]}}],"collection":[{"href":"https:\/\/www.miralagohotel.com\/de\/wp-json\/wp\/v2\/pages"}],"about":[{"href":"https:\/\/www.miralagohotel.com\/de\/wp-json\/wp\/v2\/types\/page"}],"author":[{"embeddable":true,"href":"https:\/\/www.miralagohotel.com\/de\/wp-json\/wp\/v2\/users\/1"}],"replies":[{"embeddable":true,"href":"https:\/\/www.miralagohotel.com\/de\/wp-json\/wp\/v2\/comments?post=1426"}],"version-history":[{"count":16,"href":"https:\/\/www.miralagohotel.com\/de\/wp-json\/wp\/v2\/pages\/1426\/revisions"}],"predecessor-version":[{"id":20541,"href":"https:\/\/www.miralagohotel.com\/de\/wp-json\/wp\/v2\/pages\/1426\/revisions\/20541"}],"wp:attachment":[{"href":"https:\/\/www.miralagohotel.com\/de\/wp-json\/wp\/v2\/media?parent=1426"}],"curies":[{"name":"wp","href":"https:\/\/api.w.org\/{rel}","templated":true}]}}