{"id":1373,"date":"2018-07-27T14:27:50","date_gmt":"2018-07-27T12:27:50","guid":{"rendered":"http:\/\/www.miralagohotel.com\/_new\/wandern\/molveno-centro-ciclamino-capitello-s-antonio-molveno-lido-e-segheria-tailacqua"},"modified":"2018-08-03T10:09:04","modified_gmt":"2018-08-03T08:09:04","slug":"molveno-zentrum-ciclamino-capitello-s-antonio","status":"publish","type":"page","link":"https:\/\/www.miralagohotel.com\/de\/molvenosee\/wandern\/molveno-zentrum-ciclamino-capitello-s-antonio","title":{"rendered":"Molveno Zentrum \u2013 Ciclamino \u2013 Capitello S. Antonio \u2013 Molveno Lido und S\u00e4gewerk Tailacqua"},"content":{"rendered":"<div class=\"entry-content\">\n<p><span id=\"more-5161\"><\/span>Die Wanderung beginnt im Zentrum von Molveno, nur unweit vom Hotel Miralago. Zuerst geht es kurz durch Wohngegenden bis zum Seeweg und weiter durch den Wald zur Ciclamino-H\u00fctte, wo wir uns einen Aperitif oder einen nachmitt\u00e4glichen Tee\/Kaffee auf der angenehm schattigen Terrasse g\u00f6nnen.<\/p>\n<p>Fast die gesamte Strecke verl\u00e4uft eben und ist auch f\u00fcr Spazierg\u00e4nge mit dem Kinderwagen geeignet. Die Ruhe wird einzig vom sanften Wasserrauschen des kristallklaren Wassers, das in den Brenta-Dolomiten seinen Ursprung nimmt, unterbrochen.<\/p>\n<p>Der R\u00fcckweg erfolgt durch den Wald in Richtung Lido, wo das alte venezianische S\u00e4gewerk Tailacqua aus dem Jahr 1500 steht. Kurz davor kreuzen wir eine kleine Kapelle, die dem Hl. Antonius geweiht ist, sowie die Ruinen einer alten M\u00fchle von 1800. Nach wenigen Minuten erreichen wir den Strand des Sees.<\/p>\n<\/div>\n<p><strong>L\u00e4nge:<\/strong> km 3\u00a0 |\u00a0 <strong>Dauer:<\/strong> 1 h 30 min\u00a0 |\u00a0 <strong>H\u00f6henmeter:<\/strong> m 100\u00a0 |\u00a0 <strong>Schwierigkeit:<\/strong> mittel<\/p>\n","protected":false},"excerpt":{"rendered":"<p>Die Wanderung beginnt im Zentrum von Molveno, nur unweit vom Hotel Miralago. Zuerst geht es kurz durch Wohngegenden bis zum Seeweg und weiter durch den Wald zur Ciclamino-H\u00fctte, wo wir uns einen Aperitif oder einen nachmitt\u00e4glichen Tee\/Kaffee auf der angenehm schattigen Terrasse g\u00f6nnen. Fast die gesamte Strecke verl\u00e4uft eben und ist auch f\u00fcr Spazierg\u00e4nge mit [&hellip;]<\/p>\n","protected":false},"author":1,"featured_media":0,"parent":1301,"menu_order":0,"comment_status":"closed","ping_status":"closed","template":"","meta":{"footnotes":""},"class_list":["post-1373","page","type-page","status-publish","hentry","odd"],"_links":{"self":[{"href":"https:\/\/www.miralagohotel.com\/de\/wp-json\/wp\/v2\/pages\/1373","targetHints":{"allow":["GET"]}}],"collection":[{"href":"https:\/\/www.miralagohotel.com\/de\/wp-json\/wp\/v2\/pages"}],"about":[{"href":"https:\/\/www.miralagohotel.com\/de\/wp-json\/wp\/v2\/types\/page"}],"author":[{"embeddable":true,"href":"https:\/\/www.miralagohotel.com\/de\/wp-json\/wp\/v2\/users\/1"}],"replies":[{"embeddable":true,"href":"https:\/\/www.miralagohotel.com\/de\/wp-json\/wp\/v2\/comments?post=1373"}],"version-history":[{"count":4,"href":"https:\/\/www.miralagohotel.com\/de\/wp-json\/wp\/v2\/pages\/1373\/revisions"}],"predecessor-version":[{"id":1386,"href":"https:\/\/www.miralagohotel.com\/de\/wp-json\/wp\/v2\/pages\/1373\/revisions\/1386"}],"up":[{"embeddable":true,"href":"https:\/\/www.miralagohotel.com\/de\/wp-json\/wp\/v2\/pages\/1301"}],"wp:attachment":[{"href":"https:\/\/www.miralagohotel.com\/de\/wp-json\/wp\/v2\/media?parent=1373"}],"curies":[{"name":"wp","href":"https:\/\/api.w.org\/{rel}","templated":true}]}}