{"id":1367,"date":"2018-07-27T14:26:04","date_gmt":"2018-07-27T12:26:04","guid":{"rendered":"http:\/\/www.miralagohotel.com\/_new\/wandern\/molveno-centro-pradel-malga-tovre-la-montanara"},"modified":"2018-08-03T11:32:26","modified_gmt":"2018-08-03T09:32:26","slug":"molveno-zentrum-pradel-tovre-alm-la-montanara","status":"publish","type":"page","link":"https:\/\/www.miralagohotel.com\/de\/molvenosee\/wandern\/molveno-zentrum-pradel-tovre-alm-la-montanara","title":{"rendered":"Molveno Zentrum \u2013 Pradel \u2013 Tovre-Alm \u2013 La Montanara"},"content":{"rendered":"<p>Bei dieser Wanderung erreichen wir das obere Molveno und wenig sp\u00e4ter das Kreuz auf der rechten Seite der Stra\u00dfe \u2013 ein Wegweiser zeigt uns die Strecke durch den Wald in Richtung Pradel-Hochplateau an, das traumhafte Panoramablicke auf die Brenta-Dolomiten bietet. Auf der Strecke kommen wir an der Alpini-Schutzh\u00fctte und anderen einladenden H\u00fctten und Gastbetrieben vorbei, die Speis und Trank anbieten. Dieses wundersch\u00f6ne Fleckchen im Trentino kann \u00fcbrigens auch mit der Aufstiegsanlage, die im Zentrum von Molveno startet, erreicht werden. Auf alle Abenteurer wartet hier oben der \u201eForest Park\u201c mit seinen schwebenden Pfaden in den B\u00e4umen.<\/p>\n<p>Ob zu Fu\u00df oder mit dem Sessellift \u2013 in Pradel angekommen erreichen wir die H\u00fctte La Montanara, die einen atemberaubenden Blick auf die umliegenden Berge bietet. Wer zu Fu\u00df nach Pradel wandert, sollte unbedingt eine Rast in der Tovre-Almh\u00fctte einlegen, um den frischen Almk\u00e4se zu kosten und mehr \u00fcber das Leben auf der Alm zu erfahren.<\/p>\n<p><strong>L\u00e4nge:<\/strong> km 5\u00a0 |\u00a0 <strong>Dauer:<\/strong> 5 h\u00a0 |\u00a0 <strong>H\u00f6henmeter:<\/strong> m 700\u00a0 |\u00a0 <strong>Schwierigkeit:<\/strong> leicht<\/p>\n","protected":false},"excerpt":{"rendered":"<p>Bei dieser Wanderung erreichen wir das obere Molveno und wenig sp\u00e4ter das Kreuz auf der rechten Seite der Stra\u00dfe \u2013 ein Wegweiser zeigt uns die Strecke durch den Wald in Richtung Pradel-Hochplateau an, das traumhafte Panoramablicke auf die Brenta-Dolomiten bietet. Auf der Strecke kommen wir an der Alpini-Schutzh\u00fctte und anderen einladenden H\u00fctten und Gastbetrieben vorbei, [&hellip;]<\/p>\n","protected":false},"author":1,"featured_media":0,"parent":1301,"menu_order":0,"comment_status":"closed","ping_status":"closed","template":"","meta":{"footnotes":""},"class_list":["post-1367","page","type-page","status-publish","hentry","odd"],"_links":{"self":[{"href":"https:\/\/www.miralagohotel.com\/de\/wp-json\/wp\/v2\/pages\/1367","targetHints":{"allow":["GET"]}}],"collection":[{"href":"https:\/\/www.miralagohotel.com\/de\/wp-json\/wp\/v2\/pages"}],"about":[{"href":"https:\/\/www.miralagohotel.com\/de\/wp-json\/wp\/v2\/types\/page"}],"author":[{"embeddable":true,"href":"https:\/\/www.miralagohotel.com\/de\/wp-json\/wp\/v2\/users\/1"}],"replies":[{"embeddable":true,"href":"https:\/\/www.miralagohotel.com\/de\/wp-json\/wp\/v2\/comments?post=1367"}],"version-history":[{"count":7,"href":"https:\/\/www.miralagohotel.com\/de\/wp-json\/wp\/v2\/pages\/1367\/revisions"}],"predecessor-version":[{"id":1414,"href":"https:\/\/www.miralagohotel.com\/de\/wp-json\/wp\/v2\/pages\/1367\/revisions\/1414"}],"up":[{"embeddable":true,"href":"https:\/\/www.miralagohotel.com\/de\/wp-json\/wp\/v2\/pages\/1301"}],"wp:attachment":[{"href":"https:\/\/www.miralagohotel.com\/de\/wp-json\/wp\/v2\/media?parent=1367"}],"curies":[{"name":"wp","href":"https:\/\/api.w.org\/{rel}","templated":true}]}}