{"id":1341,"date":"2018-07-27T14:04:54","date_gmt":"2018-07-27T12:04:54","guid":{"rendered":"http:\/\/www.miralagohotel.com\/_new\/wandern\/molveno-rifugio-croz-dellaltissimo-molveno"},"modified":"2018-08-03T11:26:38","modified_gmt":"2018-08-03T09:26:38","slug":"molveno-schutzhutte-croz-dell-altissimo-molveno","status":"publish","type":"page","link":"https:\/\/www.miralagohotel.com\/de\/molvenosee\/wandern\/molveno-schutzhutte-croz-dell-altissimo-molveno","title":{"rendered":"Molveno \u2013 Schutzh\u00fctte \u201cCroz dell\u2019Altissimo\u201d \u2013 Molveno"},"content":{"rendered":"<div class=\"entry-content\">\n<p><span id=\"more-5146\"><\/span>Von Pradel startet diese leichte Tour auf teilweise sonnenverw\u00f6hntem, teilweise schattigem Weg. Bis zur H\u00fctte wandert man circa 40 bis 50 Minuten. Eine Variante f\u00fcr den R\u00fcckweg f\u00fchrt \u00fcber das Valle delle Seghe bis zur Ciclamino-H\u00fctte.<\/p>\n<\/div>\n<p><strong>L\u00e4nge:<\/strong> km 9\u00a0 |\u00a0 <strong>Dauer:<\/strong> 4 h 30 min\u00a0 |\u00a0 <strong>H\u00f6henmeter:<\/strong> m 600\u00a0 |\u00a0 <strong>Schwierigkeit:<\/strong> leicht<\/p>\n","protected":false},"excerpt":{"rendered":"<p>Von Pradel startet diese leichte Tour auf teilweise sonnenverw\u00f6hntem, teilweise schattigem Weg. Bis zur H\u00fctte wandert man circa 40 bis 50 Minuten. Eine Variante f\u00fcr den R\u00fcckweg f\u00fchrt \u00fcber das Valle delle Seghe bis zur Ciclamino-H\u00fctte. L\u00e4nge: km 9\u00a0 |\u00a0 Dauer: 4 h 30 min\u00a0 |\u00a0 H\u00f6henmeter: m 600\u00a0 |\u00a0 Schwierigkeit: leicht<\/p>\n","protected":false},"author":1,"featured_media":0,"parent":1301,"menu_order":0,"comment_status":"closed","ping_status":"closed","template":"","meta":{"footnotes":""},"class_list":["post-1341","page","type-page","status-publish","hentry","odd"],"_links":{"self":[{"href":"https:\/\/www.miralagohotel.com\/de\/wp-json\/wp\/v2\/pages\/1341","targetHints":{"allow":["GET"]}}],"collection":[{"href":"https:\/\/www.miralagohotel.com\/de\/wp-json\/wp\/v2\/pages"}],"about":[{"href":"https:\/\/www.miralagohotel.com\/de\/wp-json\/wp\/v2\/types\/page"}],"author":[{"embeddable":true,"href":"https:\/\/www.miralagohotel.com\/de\/wp-json\/wp\/v2\/users\/1"}],"replies":[{"embeddable":true,"href":"https:\/\/www.miralagohotel.com\/de\/wp-json\/wp\/v2\/comments?post=1341"}],"version-history":[{"count":7,"href":"https:\/\/www.miralagohotel.com\/de\/wp-json\/wp\/v2\/pages\/1341\/revisions"}],"predecessor-version":[{"id":1405,"href":"https:\/\/www.miralagohotel.com\/de\/wp-json\/wp\/v2\/pages\/1341\/revisions\/1405"}],"up":[{"embeddable":true,"href":"https:\/\/www.miralagohotel.com\/de\/wp-json\/wp\/v2\/pages\/1301"}],"wp:attachment":[{"href":"https:\/\/www.miralagohotel.com\/de\/wp-json\/wp\/v2\/media?parent=1341"}],"curies":[{"name":"wp","href":"https:\/\/api.w.org\/{rel}","templated":true}]}}