{"id":1264,"date":"2018-07-26T15:41:01","date_gmt":"2018-07-26T13:41:01","guid":{"rendered":"http:\/\/www.miralagohotel.com\/_new\/parco-naturale-adamello-brenta"},"modified":"2018-08-02T17:12:15","modified_gmt":"2018-08-02T15:12:15","slug":"naturpark-adamello-brenta","status":"publish","type":"page","link":"https:\/\/www.miralagohotel.com\/de\/molvenosee\/naturpark-adamello-brenta","title":{"rendered":"Naturpark Adamello-Brenta"},"content":{"rendered":"<p>Das Hotel Miralago liegt im <strong>Naturpark Adamello-Brenta<\/strong>, dem gr\u00f6\u00dften gesch\u00fctzten Gebiet des Trentinos und dem ersten zertifizierten Naturpark in Europa.<\/p>\n<p>Wir sind uns unserer wichtigen Rolle in <strong>Bezug auf die Umwelt<\/strong> und den <strong>Naturschutz <\/strong>bewusst. Deshalb setzen wir uns stets daf\u00fcr ein, unsere <strong>Brenta-Dolomiten<\/strong> und die gesamte Landschaft vor jeglicher Form der Verschmutzung zu bewahren und bem\u00fchen uns darum, dass auch unsere G\u00e4ste einen kleinen Beitrag dazu leisten.<\/p>\n","protected":false},"excerpt":{"rendered":"<p>Das Hotel Miralago liegt im Naturpark Adamello-Brenta, dem gr\u00f6\u00dften gesch\u00fctzten Gebiet des Trentinos und dem ersten zertifizierten Naturpark in Europa. Wir sind uns unserer wichtigen Rolle in Bezug auf die Umwelt und den Naturschutz bewusst. Deshalb setzen wir uns stets daf\u00fcr ein, unsere Brenta-Dolomiten und die gesamte Landschaft vor jeglicher Form der Verschmutzung zu bewahren [&hellip;]<\/p>\n","protected":false},"author":1,"featured_media":0,"parent":1514,"menu_order":5,"comment_status":"closed","ping_status":"closed","template":"","meta":{"footnotes":""},"class_list":["post-1264","page","type-page","status-publish","hentry","odd"],"_links":{"self":[{"href":"https:\/\/www.miralagohotel.com\/de\/wp-json\/wp\/v2\/pages\/1264","targetHints":{"allow":["GET"]}}],"collection":[{"href":"https:\/\/www.miralagohotel.com\/de\/wp-json\/wp\/v2\/pages"}],"about":[{"href":"https:\/\/www.miralagohotel.com\/de\/wp-json\/wp\/v2\/types\/page"}],"author":[{"embeddable":true,"href":"https:\/\/www.miralagohotel.com\/de\/wp-json\/wp\/v2\/users\/1"}],"replies":[{"embeddable":true,"href":"https:\/\/www.miralagohotel.com\/de\/wp-json\/wp\/v2\/comments?post=1264"}],"version-history":[{"count":6,"href":"https:\/\/www.miralagohotel.com\/de\/wp-json\/wp\/v2\/pages\/1264\/revisions"}],"predecessor-version":[{"id":1275,"href":"https:\/\/www.miralagohotel.com\/de\/wp-json\/wp\/v2\/pages\/1264\/revisions\/1275"}],"up":[{"embeddable":true,"href":"https:\/\/www.miralagohotel.com\/de\/wp-json\/wp\/v2\/pages\/1514"}],"wp:attachment":[{"href":"https:\/\/www.miralagohotel.com\/de\/wp-json\/wp\/v2\/media?parent=1264"}],"curies":[{"name":"wp","href":"https:\/\/api.w.org\/{rel}","templated":true}]}}