{"id":1253,"date":"2018-07-24T15:28:06","date_gmt":"2018-07-24T13:28:06","guid":{"rendered":"http:\/\/www.miralagohotel.com\/_new\/attivita-estive"},"modified":"2018-08-03T17:25:37","modified_gmt":"2018-08-03T15:25:37","slug":"sommeraktivitaten","status":"publish","type":"page","link":"https:\/\/www.miralagohotel.com\/de\/molvenosee\/sommeraktivitaten","title":{"rendered":"Sommeraktivitaten"},"content":{"rendered":"<p>Ein <strong>Sommerurlaub<\/strong> in den Dolomiten, genauer in <strong>Molveno<\/strong>, bietet f\u00fcr jeden Geschmack das Richtige \u2013 egal, ob Sie sich absolute Entspannung w\u00fcnschen oder sich sportlich bet\u00e4tigen wollen. Traumhaft, wenn dann auch noch das Wetter im Trentino mitspielt und Ihnen sagenhaft Tage beschert. Genie\u00dfen Sie die unber\u00fchrte Natur rund um einen der sch\u00f6nsten Seen in den Brenta-Dolomiten!<\/p>\n","protected":false},"excerpt":{"rendered":"<p>Ein Sommerurlaub in den Dolomiten, genauer in Molveno, bietet f\u00fcr jeden Geschmack das Richtige \u2013 egal, ob Sie sich absolute Entspannung w\u00fcnschen oder sich sportlich bet\u00e4tigen wollen. Traumhaft, wenn dann auch noch das Wetter im Trentino mitspielt und Ihnen sagenhaft Tage beschert. Genie\u00dfen Sie die unber\u00fchrte Natur rund um einen der sch\u00f6nsten Seen in den [&hellip;]<\/p>\n","protected":false},"author":1,"featured_media":0,"parent":1514,"menu_order":3,"comment_status":"closed","ping_status":"closed","template":"","meta":{"footnotes":""},"class_list":["post-1253","page","type-page","status-publish","hentry","odd"],"_links":{"self":[{"href":"https:\/\/www.miralagohotel.com\/de\/wp-json\/wp\/v2\/pages\/1253","targetHints":{"allow":["GET"]}}],"collection":[{"href":"https:\/\/www.miralagohotel.com\/de\/wp-json\/wp\/v2\/pages"}],"about":[{"href":"https:\/\/www.miralagohotel.com\/de\/wp-json\/wp\/v2\/types\/page"}],"author":[{"embeddable":true,"href":"https:\/\/www.miralagohotel.com\/de\/wp-json\/wp\/v2\/users\/1"}],"replies":[{"embeddable":true,"href":"https:\/\/www.miralagohotel.com\/de\/wp-json\/wp\/v2\/comments?post=1253"}],"version-history":[{"count":15,"href":"https:\/\/www.miralagohotel.com\/de\/wp-json\/wp\/v2\/pages\/1253\/revisions"}],"predecessor-version":[{"id":1573,"href":"https:\/\/www.miralagohotel.com\/de\/wp-json\/wp\/v2\/pages\/1253\/revisions\/1573"}],"up":[{"embeddable":true,"href":"https:\/\/www.miralagohotel.com\/de\/wp-json\/wp\/v2\/pages\/1514"}],"wp:attachment":[{"href":"https:\/\/www.miralagohotel.com\/de\/wp-json\/wp\/v2\/media?parent=1253"}],"curies":[{"name":"wp","href":"https:\/\/api.w.org\/{rel}","templated":true}]}}