{"id":1248,"date":"2018-07-24T15:25:18","date_gmt":"2018-07-24T13:25:18","guid":{"rendered":"http:\/\/www.miralagohotel.com\/_new\/vacanze"},"modified":"2018-08-03T17:22:30","modified_gmt":"2018-08-03T15:22:30","slug":"erholung","status":"publish","type":"page","link":"https:\/\/www.miralagohotel.com\/de\/molvenosee\/erholung","title":{"rendered":"Erholung"},"content":{"rendered":"<p>Ein <strong>Urlaub am Molvenosee<\/strong> ist eine einzigartige Erfahrung im Herzen einer der sch\u00f6nsten alpinen Gebiete <strong>Italiens<\/strong>. Die <strong>Brenta-Dolomiten<\/strong> sind ein Paradies f\u00fcr diejenigen, die sich den Bergen und den <a href=\"https:\/\/www.miralagohotel.com\/de\/molvenosee\/wandern\">alpinen Aktivit\u00e4ten<\/a> \u2013 vom Klettern bis hin zu leichten Wanderungen und Exkursionen, von Schneeschuhwanderungen bis hin zum Mountainbiking \u2013 verschrieben haben.<\/p>\n","protected":false},"excerpt":{"rendered":"<p>Ein Urlaub am Molvenosee ist eine einzigartige Erfahrung im Herzen einer der sch\u00f6nsten alpinen Gebiete Italiens. Die Brenta-Dolomiten sind ein Paradies f\u00fcr diejenigen, die sich den Bergen und den alpinen Aktivit\u00e4ten \u2013 vom Klettern bis hin zu leichten Wanderungen und Exkursionen, von Schneeschuhwanderungen bis hin zum Mountainbiking \u2013 verschrieben haben.<\/p>\n","protected":false},"author":1,"featured_media":0,"parent":1514,"menu_order":1,"comment_status":"closed","ping_status":"closed","template":"","meta":{"footnotes":""},"class_list":["post-1248","page","type-page","status-publish","hentry","odd"],"_links":{"self":[{"href":"https:\/\/www.miralagohotel.com\/de\/wp-json\/wp\/v2\/pages\/1248","targetHints":{"allow":["GET"]}}],"collection":[{"href":"https:\/\/www.miralagohotel.com\/de\/wp-json\/wp\/v2\/pages"}],"about":[{"href":"https:\/\/www.miralagohotel.com\/de\/wp-json\/wp\/v2\/types\/page"}],"author":[{"embeddable":true,"href":"https:\/\/www.miralagohotel.com\/de\/wp-json\/wp\/v2\/users\/1"}],"replies":[{"embeddable":true,"href":"https:\/\/www.miralagohotel.com\/de\/wp-json\/wp\/v2\/comments?post=1248"}],"version-history":[{"count":4,"href":"https:\/\/www.miralagohotel.com\/de\/wp-json\/wp\/v2\/pages\/1248\/revisions"}],"predecessor-version":[{"id":1571,"href":"https:\/\/www.miralagohotel.com\/de\/wp-json\/wp\/v2\/pages\/1248\/revisions\/1571"}],"up":[{"embeddable":true,"href":"https:\/\/www.miralagohotel.com\/de\/wp-json\/wp\/v2\/pages\/1514"}],"wp:attachment":[{"href":"https:\/\/www.miralagohotel.com\/de\/wp-json\/wp\/v2\/media?parent=1248"}],"curies":[{"name":"wp","href":"https:\/\/api.w.org\/{rel}","templated":true}]}}