{"id":1162,"date":"2018-07-24T15:04:45","date_gmt":"2018-07-24T13:04:45","guid":{"rendered":"http:\/\/www.miralagohotel.com\/_new\/wellness\/piscina"},"modified":"2021-04-23T16:42:57","modified_gmt":"2021-04-23T14:42:57","slug":"schwimmbad","status":"publish","type":"page","link":"https:\/\/www.miralagohotel.com\/de\/hotel\/schwimmbad","title":{"rendered":"Schwimmbad"},"content":{"rendered":"<p>Ein <strong>Hotel mit Schwimmbad<\/strong> suchen all jene, die sich etwas Entspannung und eine spritzige Erfrischung an hei\u00dfen Sommertagen g\u00f6nnen wollen; genau das bieten wir Ihnen! Das <strong>Freibad<\/strong> des Hotel Miralago liegt in der Natur, in einer ruhigen Umgebung und gew\u00e4hrt Ihnen vollst\u00e4ndige <a href=\"https:\/\/www.miralagohotel.com\/de\/erholung\"><strong>Erholung<\/strong><\/a>. Unseren G\u00e4ste stehen Sonnenliegen und -schirme zur Verf\u00fcgung.<\/p>\n","protected":false},"excerpt":{"rendered":"<p>Ein Hotel mit Schwimmbad suchen all jene, die sich etwas Entspannung und eine spritzige Erfrischung an hei\u00dfen Sommertagen g\u00f6nnen wollen; genau das bieten wir Ihnen! Das Freibad des Hotel Miralago liegt in der Natur, in einer ruhigen Umgebung und gew\u00e4hrt Ihnen vollst\u00e4ndige Erholung. Unseren G\u00e4ste stehen Sonnenliegen und -schirme zur Verf\u00fcgung.<\/p>\n","protected":false},"author":1,"featured_media":0,"parent":1128,"menu_order":1,"comment_status":"closed","ping_status":"closed","template":"","meta":{"footnotes":""},"class_list":["post-1162","page","type-page","status-publish","hentry","odd"],"_links":{"self":[{"href":"https:\/\/www.miralagohotel.com\/de\/wp-json\/wp\/v2\/pages\/1162","targetHints":{"allow":["GET"]}}],"collection":[{"href":"https:\/\/www.miralagohotel.com\/de\/wp-json\/wp\/v2\/pages"}],"about":[{"href":"https:\/\/www.miralagohotel.com\/de\/wp-json\/wp\/v2\/types\/page"}],"author":[{"embeddable":true,"href":"https:\/\/www.miralagohotel.com\/de\/wp-json\/wp\/v2\/users\/1"}],"replies":[{"embeddable":true,"href":"https:\/\/www.miralagohotel.com\/de\/wp-json\/wp\/v2\/comments?post=1162"}],"version-history":[{"count":11,"href":"https:\/\/www.miralagohotel.com\/de\/wp-json\/wp\/v2\/pages\/1162\/revisions"}],"predecessor-version":[{"id":7913,"href":"https:\/\/www.miralagohotel.com\/de\/wp-json\/wp\/v2\/pages\/1162\/revisions\/7913"}],"up":[{"embeddable":true,"href":"https:\/\/www.miralagohotel.com\/de\/wp-json\/wp\/v2\/pages\/1128"}],"wp:attachment":[{"href":"https:\/\/www.miralagohotel.com\/de\/wp-json\/wp\/v2\/media?parent=1162"}],"curies":[{"name":"wp","href":"https:\/\/api.w.org\/{rel}","templated":true}]}}