{"id":1108,"date":"2018-07-24T15:26:15","date_gmt":"2018-07-24T13:26:15","guid":{"rendered":"http:\/\/www.miralagohotel.com\/_new\/castelli-e-musei"},"modified":"2018-08-03T11:47:20","modified_gmt":"2018-08-03T09:47:20","slug":"museen-und-schlosser","status":"publish","type":"page","link":"https:\/\/www.miralagohotel.com\/de\/molvenosee\/museen-und-schlosser","title":{"rendered":"Museen und Schlosser"},"content":{"rendered":"<header class=\"entry-header\">\n<p class=\"entry-title\"><strong>Trient <\/strong>und das <strong>Trentino<\/strong> verf\u00fcgen \u00fcber eine Reihe von Sehensw\u00fcrdigkeiten, ein reiches Kunst- und Kulturerbe, <strong>Schl\u00f6sser und Museen<\/strong>, die Ihnen die Tradition und Geschichte der Region n\u00e4herbringen.<\/p>\n<\/header>\n","protected":false},"excerpt":{"rendered":"<p>Trient und das Trentino verf\u00fcgen \u00fcber eine Reihe von Sehensw\u00fcrdigkeiten, ein reiches Kunst- und Kulturerbe, Schl\u00f6sser und Museen, die Ihnen die Tradition und Geschichte der Region n\u00e4herbringen.<\/p>\n","protected":false},"author":1,"featured_media":0,"parent":1514,"menu_order":2,"comment_status":"closed","ping_status":"closed","template":"","meta":{"footnotes":""},"class_list":["post-1108","page","type-page","status-publish","hentry","odd"],"_links":{"self":[{"href":"https:\/\/www.miralagohotel.com\/de\/wp-json\/wp\/v2\/pages\/1108","targetHints":{"allow":["GET"]}}],"collection":[{"href":"https:\/\/www.miralagohotel.com\/de\/wp-json\/wp\/v2\/pages"}],"about":[{"href":"https:\/\/www.miralagohotel.com\/de\/wp-json\/wp\/v2\/types\/page"}],"author":[{"embeddable":true,"href":"https:\/\/www.miralagohotel.com\/de\/wp-json\/wp\/v2\/users\/1"}],"replies":[{"embeddable":true,"href":"https:\/\/www.miralagohotel.com\/de\/wp-json\/wp\/v2\/comments?post=1108"}],"version-history":[{"count":9,"href":"https:\/\/www.miralagohotel.com\/de\/wp-json\/wp\/v2\/pages\/1108\/revisions"}],"predecessor-version":[{"id":1424,"href":"https:\/\/www.miralagohotel.com\/de\/wp-json\/wp\/v2\/pages\/1108\/revisions\/1424"}],"up":[{"embeddable":true,"href":"https:\/\/www.miralagohotel.com\/de\/wp-json\/wp\/v2\/pages\/1514"}],"wp:attachment":[{"href":"https:\/\/www.miralagohotel.com\/de\/wp-json\/wp\/v2\/media?parent=1108"}],"curies":[{"name":"wp","href":"https:\/\/api.w.org\/{rel}","templated":true}]}}